{"id":1838,"date":"2024-10-22T12:04:38","date_gmt":"2024-10-22T14:04:38","guid":{"rendered":"https:\/\/criptonizando.com\/en\/?page_id=1838"},"modified":"2025-02-28T11:56:58","modified_gmt":"2025-02-28T13:56:58","slug":"about-us","status":"publish","type":"page","link":"https:\/\/criptonizando.com\/en\/about-us\/","title":{"rendered":"About Us"},"content":{"rendered":"\n<p>Since early 2019, Criptonizando has established itself as one of the leading and most trusted sources of information on Cryptocurrencies, Blockchain, and Web3. Our commitment is to provide high-quality content that helps you make informed decisions and dive deeper into the fascinating world of crypto-economy.<\/p>\n\n\n\n<p>We believe that the true strength of the Blockchain revolution lies in everyone\u2019s ability to understand and adopt the changes it brings. That\u2019s why we adhere to strict journalistic standards, guided by impartiality, truthfulness, transparency, and accuracy. These pillars form the foundation that ensures you receive clear and reliable information to navigate an ever-evolving market.<\/p>\n\n\n\n<p>We invite you to join us on this journey of continuous learning and discovery. The world of cryptocurrencies is constantly changing, and we&#8217;re here to make sure you&#8217;re always ahead, ready to understand and seize the opportunities that arise.<\/p>\n\n\n\n<h3 class=\"wp-block-heading\">Our Revenue Model<\/h3>\n\n\n\n<p>Criptonizando offers all of its content completely free for everyone. Our revenue is generated through ads and partner content.<\/p>\n\n\n\n<p>All paid content, including sponsored articles, partner content, and press releases, is clearly marked and credited.<\/p>\n\n\n\n<p>Interested in advertising with us? <a href=\"https:\/\/criptonizando.com\/en\/advertise\/\" target=\"_blank\" rel=\"noreferrer noopener\">Learn more here.<\/a><\/p>\n\n\n\n<h2 class=\"wp-block-heading\">Our team<\/h2>\n\n\n\n<p><a href=\"https:\/\/criptonizando.com\/en\/author\/ebo\" target=\"_blank\" rel=\"noreferrer noopener\">Ebo Victor <\/a>&#8211; Writer<\/p>\n\n\n\n<p><a href=\"https:\/\/criptonizando.com\/en\/author\/thiago-barboza\/\" target=\"_blank\" rel=\"noreferrer noopener\">Thiago Barboza<\/a> &#8211; Writer<\/p>\n\n\n\n<p><a href=\"https:\/\/criptonizando.com\/en\/author\/airichaves\" target=\"_blank\" rel=\"noreferrer noopener\">Air\u00ed Chaves<\/a> &#8211; Content Manager<\/p>\n","protected":false},"excerpt":{"rendered":"<p>Since early 2019, Criptonizando has established itself as one of the leading and most trusted sources of information on Cryptocurrencies, Blockchain, and Web3. Our commitment is to provide high-quality content that helps you make informed decisions and dive deeper into the fascinating world of crypto-economy. We believe that the true strength of the Blockchain revolution [&hellip;]<\/p>\n","protected":false},"author":6,"featured_media":0,"parent":0,"menu_order":0,"comment_status":"closed","ping_status":"closed","template":"","meta":{"_acf_changed":false,"tpgb_global_settings":"","kia_subtitle":"","footnotes":""},"class_list":["post-1838","page","type-page","status-publish","hentry"],"acf":[],"yoast_head":"<!-- This site is optimized with the Yoast SEO plugin v23.3 - https:\/\/yoast.com\/wordpress\/plugins\/seo\/ -->\n<title>About Us - Criptonizando<\/title>\n<meta name=\"robots\" content=\"index, follow, max-snippet:-1, max-image-preview:large, max-video-preview:-1\" \/>\n<link rel=\"canonical\" href=\"https:\/\/criptonizando.com\/en\/about-us\/\" \/>\n<meta property=\"og:locale\" content=\"en_US\" \/>\n<meta property=\"og:type\" content=\"article\" \/>\n<meta property=\"og:title\" content=\"About Us - Criptonizando\" \/>\n<meta property=\"og:description\" content=\"Since early 2019, Criptonizando has established itself as one of the leading and most trusted sources of information on Cryptocurrencies, Blockchain, and Web3. Our commitment is to provide high-quality content that helps you make informed decisions and dive deeper into the fascinating world of crypto-economy. We believe that the true strength of the Blockchain revolution [&hellip;]\" \/>\n<meta property=\"og:url\" content=\"https:\/\/criptonizando.com\/en\/about-us\/\" \/>\n<meta property=\"og:site_name\" content=\"Criptonizando\" \/>\n<meta property=\"article:modified_time\" content=\"2025-02-28T13:56:58+00:00\" \/>\n<meta name=\"twitter:card\" content=\"summary_large_image\" \/>\n<meta name=\"twitter:label1\" content=\"Est. reading time\" \/>\n\t<meta name=\"twitter:data1\" content=\"1 minute\" \/>\n<script type=\"application\/ld+json\" class=\"yoast-schema-graph\">{\"@context\":\"https:\/\/schema.org\",\"@graph\":[{\"@type\":\"WebPage\",\"@id\":\"https:\/\/criptonizando.com\/en\/about-us\/\",\"url\":\"https:\/\/criptonizando.com\/en\/about-us\/\",\"name\":\"About Us - Criptonizando\",\"isPartOf\":{\"@id\":\"https:\/\/criptonizando.com\/en\/#website\"},\"datePublished\":\"2024-10-22T14:04:38+00:00\",\"dateModified\":\"2025-02-28T13:56:58+00:00\",\"breadcrumb\":{\"@id\":\"https:\/\/criptonizando.com\/en\/about-us\/#breadcrumb\"},\"inLanguage\":\"en-US\",\"potentialAction\":[{\"@type\":\"ReadAction\",\"target\":[\"https:\/\/criptonizando.com\/en\/about-us\/\"]}]},{\"@type\":\"BreadcrumbList\",\"@id\":\"https:\/\/criptonizando.com\/en\/about-us\/#breadcrumb\",\"itemListElement\":[{\"@type\":\"ListItem\",\"position\":1,\"name\":\"Home\",\"item\":\"https:\/\/criptonizando.com\/en\/\"},{\"@type\":\"ListItem\",\"position\":2,\"name\":\"About Us\"}]},{\"@type\":\"WebSite\",\"@id\":\"https:\/\/criptonizando.com\/en\/#website\",\"url\":\"https:\/\/criptonizando.com\/en\/\",\"name\":\"Criptonizando\",\"description\":\"\",\"potentialAction\":[{\"@type\":\"SearchAction\",\"target\":{\"@type\":\"EntryPoint\",\"urlTemplate\":\"https:\/\/criptonizando.com\/en\/?s={search_term_string}\"},\"query-input\":\"required name=search_term_string\"}],\"inLanguage\":\"en-US\"}]}<\/script>\n<!-- \/ Yoast SEO plugin. -->","yoast_head_json":{"title":"About Us - Criptonizando","robots":{"index":"index","follow":"follow","max-snippet":"max-snippet:-1","max-image-preview":"max-image-preview:large","max-video-preview":"max-video-preview:-1"},"canonical":"https:\/\/criptonizando.com\/en\/about-us\/","og_locale":"en_US","og_type":"article","og_title":"About Us - Criptonizando","og_description":"Since early 2019, Criptonizando has established itself as one of the leading and most trusted sources of information on Cryptocurrencies, Blockchain, and Web3. Our commitment is to provide high-quality content that helps you make informed decisions and dive deeper into the fascinating world of crypto-economy. We believe that the true strength of the Blockchain revolution [&hellip;]","og_url":"https:\/\/criptonizando.com\/en\/about-us\/","og_site_name":"Criptonizando","article_modified_time":"2025-02-28T13:56:58+00:00","twitter_card":"summary_large_image","twitter_misc":{"Est. reading time":"1 minute"},"schema":{"@context":"https:\/\/schema.org","@graph":[{"@type":"WebPage","@id":"https:\/\/criptonizando.com\/en\/about-us\/","url":"https:\/\/criptonizando.com\/en\/about-us\/","name":"About Us - Criptonizando","isPartOf":{"@id":"https:\/\/criptonizando.com\/en\/#website"},"datePublished":"2024-10-22T14:04:38+00:00","dateModified":"2025-02-28T13:56:58+00:00","breadcrumb":{"@id":"https:\/\/criptonizando.com\/en\/about-us\/#breadcrumb"},"inLanguage":"en-US","potentialAction":[{"@type":"ReadAction","target":["https:\/\/criptonizando.com\/en\/about-us\/"]}]},{"@type":"BreadcrumbList","@id":"https:\/\/criptonizando.com\/en\/about-us\/#breadcrumb","itemListElement":[{"@type":"ListItem","position":1,"name":"Home","item":"https:\/\/criptonizando.com\/en\/"},{"@type":"ListItem","position":2,"name":"About Us"}]},{"@type":"WebSite","@id":"https:\/\/criptonizando.com\/en\/#website","url":"https:\/\/criptonizando.com\/en\/","name":"Criptonizando","description":"","potentialAction":[{"@type":"SearchAction","target":{"@type":"EntryPoint","urlTemplate":"https:\/\/criptonizando.com\/en\/?s={search_term_string}"},"query-input":"required name=search_term_string"}],"inLanguage":"en-US"}]}},"tpgb_featured_images":null,"tpgb_post_meta_info":{"get_date":"22 de October de 2024","author_name":"Air\u00ed Chaves","author_url":"https:\/\/criptonizando.com\/en\/author\/airichaves\/","author_email":"airi.chaves@moveup.media","author_website":"","author_description":"Air\u00ed is a Marketing graduate from Universidade Est\u00e1cio de S\u00e1 and holds a master\u2019s degree in Strategic Leadership from Unini. Since 2017, they have been working in the cryptocurrency, blockchain, and Web3 sectors, having published nearly 800 articles on BeInCrypto and CoinGape. Additionally, they have worked as a ghostwriter for Brazilian exchanges like BitcoinTrade, creating educational content that attracted new users. With a talent for simplifying emerging technologies, she helps readers confidently navigate the world of cryptocurrencies.","author_facebook":"","author_twitter":"","author_instagram":"","author_role":["administrator"],"author_firstname":"","author_lastname":"","user_login":"airichaves","author_avatar":"<img alt='' src='https:\/\/secure.gravatar.com\/avatar\/adda7d4bcfe15292a5ad0bd6900386c1?s=200&#038;d=mm&#038;r=g' srcset='https:\/\/secure.gravatar.com\/avatar\/adda7d4bcfe15292a5ad0bd6900386c1?s=400&#038;d=mm&#038;r=g 2x' class='avatar avatar-200 photo' height='200' width='200' decoding='async'\/>","author_avatar_url":"https:\/\/secure.gravatar.com\/avatar\/adda7d4bcfe15292a5ad0bd6900386c1?s=96&d=mm&r=g","comment_count":0,"post_likes":0,"post_views":0},"tpgb_post_category":[],"_links":{"self":[{"href":"https:\/\/criptonizando.com\/en\/wp-json\/wp\/v2\/pages\/1838"}],"collection":[{"href":"https:\/\/criptonizando.com\/en\/wp-json\/wp\/v2\/pages"}],"about":[{"href":"https:\/\/criptonizando.com\/en\/wp-json\/wp\/v2\/types\/page"}],"author":[{"embeddable":true,"href":"https:\/\/criptonizando.com\/en\/wp-json\/wp\/v2\/users\/6"}],"replies":[{"embeddable":true,"href":"https:\/\/criptonizando.com\/en\/wp-json\/wp\/v2\/comments?post=1838"}],"version-history":[{"count":4,"href":"https:\/\/criptonizando.com\/en\/wp-json\/wp\/v2\/pages\/1838\/revisions"}],"predecessor-version":[{"id":4674,"href":"https:\/\/criptonizando.com\/en\/wp-json\/wp\/v2\/pages\/1838\/revisions\/4674"}],"wp:attachment":[{"href":"https:\/\/criptonizando.com\/en\/wp-json\/wp\/v2\/media?parent=1838"}],"curies":[{"name":"wp","href":"https:\/\/api.w.org\/{rel}","templated":true}]}}